{"id":17123,"date":"2025-12-15T11:19:37","date_gmt":"2025-12-15T10:19:37","guid":{"rendered":"https:\/\/tradilinge.com\/?page_id=17123"},"modified":"2026-01-05T12:21:40","modified_gmt":"2026-01-05T11:21:40","slug":"acogida-tradilinge","status":"publish","type":"page","link":"https:\/\/tradilinge.com\/es\/","title":{"rendered":"Acogida Tradilinge"},"content":{"rendered":"<section class=\"l-section wpb_row height_medium full_height valign_center with_video with_youtube\"><div class=\"l-section-video\" data-video-disable-width=\"1\"><iframe title=\"Youtube video player\" src=\"\/\/www.youtube.com\/embed\/OMeDDNQkBGo?autoplay=1&loop=1&playlist=OMeDDNQkBGo&controls=0&mute=1&iv_load_policy=3&disablekb=1&wmode=transparent\" allowfullscreen=\"1\" loading=\"lazy\"><\/iframe><\/div><div class=\"l-section-h i-cf\"><div class=\"g-cols via_flex valign_top type_default\"><div class=\"vc_col-sm-12 wpb_column vc_column_container\"><div class=\"vc_column-inner\"><div class=\"wpb_wrapper\"><div class=\"w-separator size_small\"><\/div><\/div><\/div><\/div><\/div><\/div><\/section><section class=\"l-section wpb_row height_medium\"><div class=\"l-section-h i-cf\"><div class=\"g-cols via_flex valign_middle type_default reversed\"><div class=\"vc_col-sm-3 wpb_column vc_column_container  has_bg_color\"><div class=\"vc_column-inner us_custom_b02964cc us_animate_this\"><div class=\"wpb_wrapper\"><\/div><\/div><\/div><div class=\"vc_col-sm-6 wpb_column vc_column_container\"><div class=\"vc_column-inner\"><div class=\"wpb_wrapper\"><div class=\"w-vwrapper align_none valign_top\"><div class=\"wpb_text_column\"><div class=\"wpb_wrapper\"><h1 style=\"text-align: center;\">Fabricante Franc\u00e9s de ropa de cama <span style=\"color: #d84e4b;\">desde 1958<\/span><\/h1>\n<\/div><\/div><div class=\"wpb_text_column\"><div class=\"wpb_wrapper\"><p style=\"text-align: center;\">Confeccionamos ropa del hogar para toda la familia: ropa de cama, manteler\u00eda y toallas de ba\u00f1o. Tradilinge es\u00a0<strong>una empresa familiar<\/strong>\u00a0con un conocimiento \u00fanico, etiquetado como\u00a0<strong>Nord Terre Textile<\/strong>. La marca Tradilinge es una garant\u00eda de\u00a0<strong>calidad<\/strong>\u00a0con creaciones reconocidas en todo el mundo.<\/p>\n<p style=\"text-align: center;\">Nuestro trabajo es crear modelos \u00fanicos, tendencia a embellecer la decoraci\u00f3n de su hogar. <a href=\"https:\/\/tradilinge.com\/es\/es-quienes-comos\/\">Tradilinge<\/a> es m\u00e1s que una marca, es un estado de \u00e1nimo, una marca responsable que valora los conocimientos franceses <strong>durante m\u00e1s de 60 a\u00f1os.<\/strong><\/p>\n<\/div><\/div><\/div><div class=\"w-separator size_small\"><\/div><div class=\"g-cols wpb_row via_flex valign_top type_default\"><div class=\"vc_col-sm-6 wpb_column vc_column_container\"><div class=\"vc_column-inner\"><div class=\"wpb_wrapper\"><a class=\"w-flipbox animation_cardflip direction_w\" target=\"_blank\" href=\"https:\/\/tradilinge.com\/boutique\/\" rel=\"noopener\"><div class=\"w-flipbox-h easing_ease\" style=\"transition-duration:0s;\"><div class=\"w-flipbox-hh\"><div class=\"w-flipbox-front us_custom_ab9af1ab\" style=\"background:#b6a999;color:#ffffff;\"><div class=\"w-flipbox-front-h\"><div class=\"w-flipbox-front-title\" style=\"font-size:28px;\">PARTICULAROS<\/div><\/div><\/div><div class=\"w-flipbox-back us_custom_ab9af1ab\" style=\"display:none;background:var(--color-header-middle-text);color:#ffffff;\"><div class=\"w-flipbox-back-h\"><div class=\"w-flipbox-back-title\" style=\"font-size:20px;\">PARTICULAROS<\/div><\/div><\/div><\/div><\/div><\/a><\/div><\/div><\/div><div class=\"vc_col-sm-6 wpb_column vc_column_container\"><div class=\"vc_column-inner\"><div class=\"wpb_wrapper\"><a class=\"w-flipbox animation_cardflip direction_w\" href=\"https:\/\/espace-pro.tradilinge.com\/login\"><div class=\"w-flipbox-h easing_ease\" style=\"transition-duration:0s;\"><div class=\"w-flipbox-hh\"><div class=\"w-flipbox-front us_custom_ab9af1ab\" style=\"background:var(--color-content-primary);color:#ffffff;\"><div class=\"w-flipbox-front-h\"><div class=\"w-flipbox-front-title\" style=\"font-size:28px;\">PROFESIONALES<\/div><\/div><\/div><div class=\"w-flipbox-back us_custom_ab9af1ab\" style=\"display:none;background:var(--color-header-middle-text);color:#ffffff;\"><div class=\"w-flipbox-back-h\"><div class=\"w-flipbox-back-title\" style=\"font-size:20px;\">PROFESIONALES<\/div><\/div><\/div><\/div><\/div><\/a><\/div><\/div><\/div><\/div><\/div><\/div><\/div><div class=\"vc_col-sm-3 wpb_column vc_column_container\"><div class=\"vc_column-inner\"><div class=\"wpb_wrapper\"><\/div><\/div><\/div><\/div><\/div><\/section>\n","protected":false},"excerpt":{"rendered":"Fabricante Franc\u00e9s de ropa de cama desde 1958 Confeccionamos ropa del hogar para toda la familia: ropa de cama, manteler\u00eda y toallas de ba\u00f1o. Tradilinge es\u00a0una empresa familiar\u00a0con un conocimiento \u00fanico, etiquetado como\u00a0Nord Terre Textile. La marca Tradilinge es una garant\u00eda de\u00a0calidad\u00a0con creaciones reconocidas en todo el mundo. Nuestro trabajo es crear modelos \u00fanicos, tendencia...","protected":false},"author":2,"featured_media":269,"parent":0,"menu_order":0,"comment_status":"closed","ping_status":"closed","template":"","meta":{"footnotes":""},"class_list":["post-17123","page","type-page","status-publish","has-post-thumbnail","hentry"],"_links":{"self":[{"href":"https:\/\/tradilinge.com\/es\/wp-json\/wp\/v2\/pages\/17123","targetHints":{"allow":["GET"]}}],"collection":[{"href":"https:\/\/tradilinge.com\/es\/wp-json\/wp\/v2\/pages"}],"about":[{"href":"https:\/\/tradilinge.com\/es\/wp-json\/wp\/v2\/types\/page"}],"author":[{"embeddable":true,"href":"https:\/\/tradilinge.com\/es\/wp-json\/wp\/v2\/users\/2"}],"replies":[{"embeddable":true,"href":"https:\/\/tradilinge.com\/es\/wp-json\/wp\/v2\/comments?post=17123"}],"version-history":[{"count":10,"href":"https:\/\/tradilinge.com\/es\/wp-json\/wp\/v2\/pages\/17123\/revisions"}],"predecessor-version":[{"id":17187,"href":"https:\/\/tradilinge.com\/es\/wp-json\/wp\/v2\/pages\/17123\/revisions\/17187"}],"wp:featuredmedia":[{"embeddable":true,"href":"https:\/\/tradilinge.com\/es\/wp-json\/wp\/v2\/media\/269"}],"wp:attachment":[{"href":"https:\/\/tradilinge.com\/es\/wp-json\/wp\/v2\/media?parent=17123"}],"curies":[{"name":"wp","href":"https:\/\/api.w.org\/{rel}","templated":true}]}}