{"id":11544,"date":"2021-09-02T15:28:54","date_gmt":"2021-09-02T13:28:54","guid":{"rendered":"https:\/\/tradilinge.com\/telechargement-catalogue\/"},"modified":"2021-09-09T11:20:31","modified_gmt":"2021-09-09T09:20:31","slug":"telechargement-catalogue","status":"publish","type":"page","link":"https:\/\/tradilinge.com\/es\/telechargement-catalogue\/","title":{"rendered":"Descarga de catalogo"},"content":{"rendered":"<section class=\"l-section wpb_row us_custom_92d565f4 height_medium has_text_color\"><div class=\"l-section-h i-cf\"><div class=\"g-cols via_flex valign_top type_default\"><div class=\"vc_col-sm-12 wpb_column vc_column_container\"><div class=\"vc_column-inner\"><div class=\"wpb_wrapper\"><div class=\"wpb_text_column\"><div class=\"wpb_wrapper\"><h1 style=\"text-align: center;\">Gracias !<\/h1>\n<\/div><\/div><\/div><\/div><\/div><\/div><\/div><\/section><section class=\"l-section wpb_row height_medium\"><div class=\"l-section-h i-cf\"><div class=\"g-cols via_flex valign_top type_default\"><div class=\"vc_col-sm-12 wpb_column vc_column_container\"><div class=\"vc_column-inner\"><div class=\"wpb_wrapper\"><div class=\"w-hwrapper align_center valign_middle\" style=\"--hwrapper-gap:2rem\"><div class=\"w-image us_custom_bc431e2b align_none\"><div class=\"w-image-h\"><img loading=\"lazy\" decoding=\"async\" width=\"512\" height=\"512\" src=\"https:\/\/tradilinge.com\/wp-content\/uploads\/email.png\" class=\"attachment-full size-full\" alt=\"\" srcset=\"https:\/\/tradilinge.com\/wp-content\/uploads\/email.png 512w, https:\/\/tradilinge.com\/wp-content\/uploads\/email-300x300.png 300w, https:\/\/tradilinge.com\/wp-content\/uploads\/email-150x150.png 150w\" sizes=\"auto, (max-width: 512px) 100vw, 512px\" \/><\/div><\/div><div class=\"wpb_text_column\"><div class=\"wpb_wrapper\"><h2>Se le acaba de enviar un correo electr\u00f3nico con un enlace de descarga.<\/h2>\n<p id=\"tw-target-text\" class=\"tw-data-text tw-text-large XcVN5d tw-ta\" dir=\"ltr\" data-placeholder=\"Traduction\"><span class=\"Y2IQFc\" lang=\"es\">En caso de problema, no dude en revisar sus correos electr\u00f3nicos no deseados o cont\u00e1ctenos: contact@tradilinge.com<\/span><\/p>\n<p>\u00a0<\/p>\n<\/div><\/div><\/div><\/div><\/div><\/div><\/div><\/div><\/section>\n","protected":false},"excerpt":{"rendered":"Gracias ! Se le acaba de enviar un correo electr\u00f3nico con un enlace de descarga. En caso de problema, no dude en revisar sus correos electr\u00f3nicos no deseados o cont\u00e1ctenos: contact@tradilinge.com \u00a0","protected":false},"author":3,"featured_media":642,"parent":0,"menu_order":0,"comment_status":"closed","ping_status":"closed","template":"","meta":{"footnotes":""},"class_list":["post-11544","page","type-page","status-publish","has-post-thumbnail","hentry"],"_links":{"self":[{"href":"https:\/\/tradilinge.com\/es\/wp-json\/wp\/v2\/pages\/11544","targetHints":{"allow":["GET"]}}],"collection":[{"href":"https:\/\/tradilinge.com\/es\/wp-json\/wp\/v2\/pages"}],"about":[{"href":"https:\/\/tradilinge.com\/es\/wp-json\/wp\/v2\/types\/page"}],"author":[{"embeddable":true,"href":"https:\/\/tradilinge.com\/es\/wp-json\/wp\/v2\/users\/3"}],"replies":[{"embeddable":true,"href":"https:\/\/tradilinge.com\/es\/wp-json\/wp\/v2\/comments?post=11544"}],"version-history":[{"count":5,"href":"https:\/\/tradilinge.com\/es\/wp-json\/wp\/v2\/pages\/11544\/revisions"}],"predecessor-version":[{"id":11746,"href":"https:\/\/tradilinge.com\/es\/wp-json\/wp\/v2\/pages\/11544\/revisions\/11746"}],"wp:featuredmedia":[{"embeddable":true,"href":"https:\/\/tradilinge.com\/es\/wp-json\/wp\/v2\/media\/642"}],"wp:attachment":[{"href":"https:\/\/tradilinge.com\/es\/wp-json\/wp\/v2\/media?parent=11544"}],"curies":[{"name":"wp","href":"https:\/\/api.w.org\/{rel}","templated":true}]}}