{"id":11536,"date":"2021-09-02T09:08:53","date_gmt":"2021-09-02T07:08:53","guid":{"rendered":"https:\/\/tradilinge.com\/mentions-legales\/"},"modified":"2022-08-09T15:03:21","modified_gmt":"2022-08-09T13:03:21","slug":"notas-legales","status":"publish","type":"page","link":"https:\/\/tradilinge.com\/es\/notas-legales\/","title":{"rendered":"Notas legales"},"content":{"rendered":"<section class=\"l-section wpb_row us_custom_51d106ff height_medium\"><div class=\"l-section-h i-cf\"><div class=\"g-cols via_flex valign_top type_default\"><div class=\"vc_col-sm-12 wpb_column vc_column_container us_animate_afb has-link\"><div class=\"vc_column-inner\"><div class=\"wpb_wrapper\"><div class=\"wpb_text_column\"><div class=\"wpb_wrapper\"><h1>Notas legales<\/h1>\n<\/div><\/div><\/div><\/div><a title=\"Linge de lit\" href=\"https:\/\/tradilinge.com\/linge-de-lit\/\" class=\"vc_column-link smooth-scroll\"><\/a><\/div><\/div><\/div><\/section><section class=\"l-section wpb_row height_medium\"><div class=\"l-section-h i-cf\"><div class=\"g-cols via_flex valign_top type_default\"><div class=\"vc_col-sm-12 wpb_column vc_column_container\"><div class=\"vc_column-inner\"><div class=\"wpb_wrapper\"><div class=\"wpb_text_column\"><div class=\"wpb_wrapper\"><p><strong>\u00c9diteur :<\/strong><br \/>\nLe site internet www.tradilinge.com<\/p>\n<p>8 chemin de la Blanchisserie 59400 Cambrai<\/p>\n<p>Le N\u00b0 de SIRET de ce site est 792 863 060 00010<\/p>\n<p>Num\u00e9ro de t\u00e9l\u00e9phone : 03 27 83 91 56<\/p>\n<p><strong>Directeur de Publication :<\/strong><br \/>\nM.Clochette en qualit\u00e9 de fondateur de tradilinge.com<\/p>\n<p><strong>H\u00e9bergeur :<\/strong> OVH<\/p>\n<p>TRADILINGE SAS est enregistr\u00e9e au Registre national des metteurs sur le march\u00e9 d\u2019\u00e9l\u00e9ments d\u2019ameublement sous le num\u00e9ro FR025955.<\/p>\n<p>Ce num\u00e9ro garantit que TRADILINGE SAS, en adh\u00e9rent \u00e0 Eco-mobilier, se met en conformit\u00e9 avec les obligations r\u00e8glementaires qui lui incombent en<\/p>\n<p>application de l\u2019article L 541-10-1 10\u00b0 du code de l\u2019environnement.<\/p>\n<\/div><\/div><\/div><\/div><\/div><\/div><\/div><\/section>\n","protected":false},"excerpt":{"rendered":"Notas legales \u00c9diteur : Le site internet www.tradilinge.com 8 chemin de la Blanchisserie 59400 Cambrai Le N\u00b0 de SIRET de ce site est 792 863 060 00010 Num\u00e9ro de t\u00e9l\u00e9phone : 03 27 83 91 56 Directeur de Publication : M.Clochette en qualit\u00e9 de fondateur de tradilinge.com H\u00e9bergeur : OVH TRADILINGE SAS est enregistr\u00e9e au...","protected":false},"author":3,"featured_media":0,"parent":0,"menu_order":0,"comment_status":"closed","ping_status":"open","template":"","meta":{"footnotes":""},"class_list":["post-11536","page","type-page","status-publish","hentry"],"_links":{"self":[{"href":"https:\/\/tradilinge.com\/es\/wp-json\/wp\/v2\/pages\/11536","targetHints":{"allow":["GET"]}}],"collection":[{"href":"https:\/\/tradilinge.com\/es\/wp-json\/wp\/v2\/pages"}],"about":[{"href":"https:\/\/tradilinge.com\/es\/wp-json\/wp\/v2\/types\/page"}],"author":[{"embeddable":true,"href":"https:\/\/tradilinge.com\/es\/wp-json\/wp\/v2\/users\/3"}],"replies":[{"embeddable":true,"href":"https:\/\/tradilinge.com\/es\/wp-json\/wp\/v2\/comments?post=11536"}],"version-history":[{"count":3,"href":"https:\/\/tradilinge.com\/es\/wp-json\/wp\/v2\/pages\/11536\/revisions"}],"predecessor-version":[{"id":11748,"href":"https:\/\/tradilinge.com\/es\/wp-json\/wp\/v2\/pages\/11536\/revisions\/11748"}],"wp:attachment":[{"href":"https:\/\/tradilinge.com\/es\/wp-json\/wp\/v2\/media?parent=11536"}],"curies":[{"name":"wp","href":"https:\/\/api.w.org\/{rel}","templated":true}]}}