{"id":11429,"date":"2021-09-02T09:17:22","date_gmt":"2021-09-02T07:17:22","guid":{"rendered":"https:\/\/tradilinge.com\/credit-photo-tradilinge\/"},"modified":"2021-09-14T15:18:44","modified_gmt":"2021-09-14T13:18:44","slug":"creditos-fotograficos","status":"publish","type":"page","link":"https:\/\/tradilinge.com\/es\/creditos-fotograficos\/","title":{"rendered":"Cr\u00e9ditos fotogr\u00e1ficos"},"content":{"rendered":"<section class=\"l-section wpb_row us_custom_51d106ff height_medium\"><div class=\"l-section-h i-cf\"><div class=\"g-cols via_flex valign_top type_default\"><div class=\"vc_col-sm-12 wpb_column vc_column_container us_animate_afb has-link\"><div class=\"vc_column-inner\"><div class=\"wpb_wrapper\"><div class=\"wpb_text_column\"><div class=\"wpb_wrapper\"><h1 class=\"eltdf-title-text entry-title\">Cr\u00e9ditos fotogr\u00e1ficos<\/h1>\n<\/div><\/div><\/div><\/div><a title=\"Linge de lit\" href=\"https:\/\/tradilinge.com\/linge-de-lit\/\" class=\"vc_column-link smooth-scroll\"><\/a><\/div><\/div><\/div><\/section><section class=\"l-section wpb_row height_medium\"><div class=\"l-section-h i-cf\"><div class=\"g-cols via_flex valign_top type_default\"><div class=\"vc_col-sm-12 wpb_column vc_column_container\"><div class=\"vc_column-inner\"><div class=\"wpb_wrapper\"><div class=\"wpb_text_column\"><div class=\"wpb_wrapper\"><p>Todos los elementos de este sitio son propiedad exclusiva de la marca TRADILINGE.<\/p>\n<p>Estos elementos han sido depositados y est\u00e1n protegidos por las normas de la propiedad intelectual.<\/p>\n<p>Queda prohibida toda utilizaci\u00f3n o modificaci\u00f3n, total o parcial, sin el consentimiento expl\u00edcito de la marca.<\/p>\n<p>Por favor, cont\u00e1ctenos para esto en:<\/p>\n<p><strong>Para la prensa :<\/strong><br \/>\nMikaelle Fumaz<br \/>\nEmail: mikaellefumaz@rtadilinge.com<\/p>\n<p><strong>Pour los clientes :<\/strong><br \/>\nRapha\u00ebl CLOCHETTE<br \/>\nT\u00e9l: 03.27.83.91.56<br \/>\nEmail: raphaelclochette@tradilinge.com\/es<\/p>\n<p>Gracias por su comprensi\u00f3n<\/p>\n<\/div><\/div><\/div><\/div><\/div><\/div><\/div><\/section>\n","protected":false},"excerpt":{"rendered":"Cr\u00e9ditos fotogr\u00e1ficos Todos los elementos de este sitio son propiedad exclusiva de la marca TRADILINGE. Estos elementos han sido depositados y est\u00e1n protegidos por las normas de la propiedad intelectual. Queda prohibida toda utilizaci\u00f3n o modificaci\u00f3n, total o parcial, sin el consentimiento expl\u00edcito de la marca. Por favor, cont\u00e1ctenos para esto en: Para la prensa...","protected":false},"author":3,"featured_media":0,"parent":0,"menu_order":0,"comment_status":"closed","ping_status":"open","template":"","meta":{"footnotes":""},"class_list":["post-11429","page","type-page","status-publish","hentry"],"_links":{"self":[{"href":"https:\/\/tradilinge.com\/es\/wp-json\/wp\/v2\/pages\/11429","targetHints":{"allow":["GET"]}}],"collection":[{"href":"https:\/\/tradilinge.com\/es\/wp-json\/wp\/v2\/pages"}],"about":[{"href":"https:\/\/tradilinge.com\/es\/wp-json\/wp\/v2\/types\/page"}],"author":[{"embeddable":true,"href":"https:\/\/tradilinge.com\/es\/wp-json\/wp\/v2\/users\/3"}],"replies":[{"embeddable":true,"href":"https:\/\/tradilinge.com\/es\/wp-json\/wp\/v2\/comments?post=11429"}],"version-history":[{"count":4,"href":"https:\/\/tradilinge.com\/es\/wp-json\/wp\/v2\/pages\/11429\/revisions"}],"predecessor-version":[{"id":11848,"href":"https:\/\/tradilinge.com\/es\/wp-json\/wp\/v2\/pages\/11429\/revisions\/11848"}],"wp:attachment":[{"href":"https:\/\/tradilinge.com\/es\/wp-json\/wp\/v2\/media?parent=11429"}],"curies":[{"name":"wp","href":"https:\/\/api.w.org\/{rel}","templated":true}]}}