{"id":11409,"date":"2021-07-21T14:56:00","date_gmt":"2021-07-21T12:56:00","guid":{"rendered":"https:\/\/tradilinge.com\/a-propos-de-nous\/"},"modified":"2023-01-25T17:05:49","modified_gmt":"2023-01-25T16:05:49","slug":"es-quienes-comos","status":"publish","type":"page","link":"https:\/\/tradilinge.com\/es\/es-quienes-comos\/","title":{"rendered":"\u00bfQui\u00e9nes somos?"},"content":{"rendered":"<section class=\"l-section wpb_row us_custom_92d565f4 height_medium has_text_color\"><div class=\"l-section-h i-cf\"><div class=\"g-cols via_flex valign_top type_default\"><div class=\"vc_col-sm-12 wpb_column vc_column_container\"><div class=\"vc_column-inner\"><div class=\"wpb_wrapper\"><div class=\"wpb_text_column\"><div class=\"wpb_wrapper\"><h1 class=\"eltdf-title-text entry-title\" style=\"text-align: center;\">\u00bfQui\u00e9nes somos?<\/h1>\n<\/div><\/div><\/div><\/div><\/div><\/div><\/div><\/section><section class=\"l-section wpb_row height_medium\"><div class=\"l-section-h i-cf\"><div class=\"g-cols via_flex valign_top type_default\"><div class=\"vc_col-sm-6 wpb_column vc_column_container\"><div class=\"vc_column-inner\"><div class=\"wpb_wrapper\"><div class=\"wpb_text_column\"><div class=\"wpb_wrapper\"><div class=\"wpb_text_column wpb_content_element \">\n<div class=\"wpb_wrapper\">\n<h2>Tradilinge, la ropa de cama a la francesa.<\/h2>\n<\/div>\n<\/div>\n<p>Tradilinge es mucho m\u00e1s que una marca, es sobre todo una empresa con conocimientos y valores que se transmiten de padres a hijos. Desde 1958, la f\u00e1brica Tradilinge, con sede en Cambrai en Hauts de France, ha creado una identidad, una marca de ropa reconocida en todo el mundo. Una gama de ropa de hogar con estilos complementarios del universo que puede atraer a una amplia clientela: ropa de cama, manteler\u00eda, toallas de ba\u00f1o.<\/p>\n<p>Tradilinge es tambi\u00e9n una historia de hombres y mujeres, ya que la compa\u00f1\u00eda ahora est\u00e1 dirigida por Philippe y Raphael Clochette, quienes hacen de su honor continuar con lo que sus padres hab\u00edan emprendido durante los a\u00f1os de Gilbert y Charline Clochette. antes. Una continuidad, un deseo de mantener el conocimiento y las tradiciones en la industria textil al mismo tiempo que se renueva.<\/p>\n<p>Desde la creaci\u00f3n hasta la confecci\u00f3n, Tradilinge domina todas las etapas con una punta de lanza: la fabricaci\u00f3n francesa. Nuestra oficina de estilo interno respira nuevas tendencias, con el lanzamiento de dos colecciones al a\u00f1o. Creamos ropa de cama impresa y lisa con colores modernos, pero tambi\u00e9n dise\u00f1os atemporales.<\/p>\n<p>Tradilinge es el amor por el trabajo bien hecho con un know-how \u00fanico y conservado gracias a nuestro taller de confecci\u00f3n. Todos los d\u00edas, cientos de piezas se fabrican en la f\u00e1brica por medio de costureras fieles y calificadas. Queremos garantizarle un acabado perfecto y una calidad impecable.<\/p>\n<\/div><\/div><\/div><\/div><\/div><div class=\"vc_col-sm-6 wpb_column vc_column_container\"><div class=\"vc_column-inner\"><div class=\"wpb_wrapper\"><div class=\"w-image align_none\"><div class=\"w-image-h\"><img loading=\"lazy\" decoding=\"async\" width=\"1024\" height=\"683\" src=\"https:\/\/tradilinge.com\/wp-content\/uploads\/4436-reduit-1024x683-1.jpeg\" class=\"attachment-full size-full\" alt=\"Tradilinge\" srcset=\"https:\/\/tradilinge.com\/wp-content\/uploads\/4436-reduit-1024x683-1.jpeg 1024w, https:\/\/tradilinge.com\/wp-content\/uploads\/4436-reduit-1024x683-1-300x200.jpeg 300w, https:\/\/tradilinge.com\/wp-content\/uploads\/4436-reduit-1024x683-1-750x500.jpeg 750w, https:\/\/tradilinge.com\/wp-content\/uploads\/4436-reduit-1024x683-1-600x400.jpeg 600w\" sizes=\"auto, (max-width: 1024px) 100vw, 1024px\" \/><\/div><\/div><div class=\"w-image us_custom_c2f20314 align_center\"><div class=\"w-image-h\"><img loading=\"lazy\" decoding=\"async\" width=\"150\" height=\"150\" src=\"https:\/\/tradilinge.com\/wp-content\/uploads\/Tradilinge-picto-02-150x150.png\" class=\"attachment-thumbnail size-thumbnail\" alt=\"\" srcset=\"https:\/\/tradilinge.com\/wp-content\/uploads\/Tradilinge-picto-02-150x150.png 150w, https:\/\/tradilinge.com\/wp-content\/uploads\/Tradilinge-picto-02.png 300w\" sizes=\"auto, (max-width: 150px) 100vw, 150px\" \/><\/div><\/div><\/div><\/div><\/div><\/div><\/div><\/section><section class=\"l-section wpb_row us_custom_51d106ff height_medium\"><div class=\"l-section-h i-cf\"><div class=\"g-cols via_flex valign_top type_default\"><div class=\"vc_col-sm-6 wpb_column vc_column_container\"><div class=\"vc_column-inner\"><div class=\"wpb_wrapper\"><div class=\"w-image align_none\"><div class=\"w-image-h\"><img loading=\"lazy\" decoding=\"async\" width=\"1440\" height=\"960\" src=\"https:\/\/tradilinge.com\/wp-content\/uploads\/A-propos-de-nous.jpg\" class=\"attachment-full size-full\" alt=\"\" srcset=\"https:\/\/tradilinge.com\/wp-content\/uploads\/A-propos-de-nous.jpg 1440w, https:\/\/tradilinge.com\/wp-content\/uploads\/A-propos-de-nous-300x200.jpg 300w, https:\/\/tradilinge.com\/wp-content\/uploads\/A-propos-de-nous-1024x683.jpg 1024w, https:\/\/tradilinge.com\/wp-content\/uploads\/A-propos-de-nous-750x500.jpg 750w, https:\/\/tradilinge.com\/wp-content\/uploads\/A-propos-de-nous-600x400.jpg 600w\" sizes=\"auto, (max-width: 1440px) 100vw, 1440px\" \/><\/div><\/div><\/div><\/div><\/div><div class=\"vc_col-sm-6 wpb_column vc_column_container\"><div class=\"vc_column-inner\"><div class=\"wpb_wrapper\"><div class=\"wpb_text_column\"><div class=\"wpb_wrapper\"><div class=\"wpb_text_column wpb_content_element \">\n<div class=\"wpb_wrapper\">\n<h2><strong>Tradilinge, una garant\u00eda de calidad<\/strong><\/h2>\n<p>Hemos obtenido la etiqueta\u00a0<strong>Nord Terre Textile<\/strong>, una etiqueta de excelencia, que garantiza sobre todo al consumidor que al menos el 75% de las etapas de fabricaci\u00f3n de un art\u00edculo textil se llevan a cabo localmente en compa\u00f1\u00edas aprobadas de acuerdo con los est\u00e1ndares de \u201ccalidad\u201d. Respetando estrictas especificaciones. Esta etiqueta tambi\u00e9n valora los conocimientos adquiridos por las empresas durante varios siglos en la regi\u00f3n de Hauts-de-France.<\/p>\n<\/div>\n<\/div>\n<\/div><\/div><div class=\"w-separator size_medium\"><\/div><div class=\"w-image align_center\"><div class=\"w-image-h\"><img loading=\"lazy\" decoding=\"async\" width=\"150\" height=\"150\" src=\"https:\/\/tradilinge.com\/wp-content\/uploads\/Acteur-Nord-TT-Print-300x300-1-150x150.jpeg\" class=\"attachment-thumbnail size-thumbnail\" alt=\"\" srcset=\"https:\/\/tradilinge.com\/wp-content\/uploads\/Acteur-Nord-TT-Print-300x300-1-150x150.jpeg 150w, https:\/\/tradilinge.com\/wp-content\/uploads\/Acteur-Nord-TT-Print-300x300-1.jpeg 300w\" sizes=\"auto, (max-width: 150px) 100vw, 150px\" \/><\/div><\/div><\/div><\/div><\/div><\/div><\/div><\/section><section class=\"l-section wpb_row height_medium\"><div class=\"l-section-h i-cf\"><div class=\"g-cols via_flex valign_middle type_default\"><div class=\"vc_col-sm-6 wpb_column vc_column_container\"><div class=\"vc_column-inner\"><div class=\"wpb_wrapper\"><div class=\"wpb_text_column\"><div class=\"wpb_wrapper\"><div class=\"wpb_text_column wpb_content_element \">\n<div class=\"wpb_wrapper\">\n<h2 style=\"text-align: center;\">Nuestro taller<\/h2>\n<\/div>\n<\/div>\n<\/div><\/div><div class=\"w-image us_custom_577af99d align_none\"><div class=\"w-image-h\"><img decoding=\"async\" src=\"https:\/\/tradilinge.com\/wp-content\/uploads\/SEPARATOR.svg\" class=\"attachment-full size-full\" alt=\"\" \/><\/div><\/div><\/div><\/div><\/div><div class=\"vc_col-sm-6 wpb_column vc_column_container\"><div class=\"vc_column-inner\"><div class=\"wpb_wrapper\"><div class=\"w-video align_none ratio_16x9\" onclick=\"return {&quot;player_id&quot;:&quot;youtube-p084&quot;,&quot;player_api&quot;:&quot;\\\/\\\/www.youtube.com\\\/player_api&quot;,&quot;player_html&quot;:&quot;&lt;div id=\\&quot;youtube-p084\\&quot;&gt;&lt;\\\/div&gt;&lt;script&gt;\\r\\n\\t\\t\\tif ( window.USYTPlayers === undefined ) {\\r\\n\\t\\t\\t\\twindow.USYTPlayers = [];\\r\\n\\t\\t\\t}\\r\\n\\t\\t\\twindow.USYTPlayers.push( {\\r\\n\\t\\t\\t\\tplayerID: \\&quot;youtube-p084\\&quot;,\\r\\n\\t\\t\\t\\tvideoID: \\&quot;XXYYnKSRBZs\\&quot;,\\r\\n\\t\\t\\t\\tplayerVars: {\\&quot;origin\\&quot;:\\&quot;https:\\\\\\\/\\\\\\\/tradilinge.com\\&quot;,\\&quot;controls\\&quot;:1}\\t\\t\\t\\r\\n\\t\\t\\t} );\\r\\n\\t\\t\\tif ( window.onYouTubePlayerAPIReady === undefined ) {\\r\\n\\t\\t\\t\\twindow.onYouTubePlayerAPIReady = function() {\\r\\n\\t\\t\\t\\t\\tfor ( var i in window.USYTPlayers ) {\\r\\n\\t\\t\\t\\t\\t\\tvar _playerParams = window.USYTPlayers[ i ];\\r\\n\\t\\t\\t\\t\\t\\t$us.YTPlayers[ _playerParams.playerID ] = new YT.Player( _playerParams.playerID, {\\r\\n\\t\\t\\t\\t\\t\\t\\tvideoId: _playerParams.videoID,\\r\\n\\t\\t\\t\\t\\t\\t\\tplayerVars: _playerParams.playerVars\\r\\n\\t\\t\\t\\t\\t\\t} );\\r\\n\\t\\t\\t\\t\\t}\\r\\n\\t\\t\\t\\t}\\r\\n\\t\\t\\t}\\r\\n\\t\\t\\tif ( !! window.YT ) {\\r\\n\\t\\t\\t\\t$us.YTPlayers[\\&quot;youtube-p084\\&quot;] = new YT.Player( \\&quot;youtube-p084\\&quot;, {\\r\\n\\t\\t\\t\\t\\tvideoId: \\&quot;XXYYnKSRBZs\\&quot;,\\r\\n\\t\\t\\t\\t\\tplayerVars: {\\&quot;origin\\&quot;:\\&quot;https:\\\\\\\/\\\\\\\/tradilinge.com\\&quot;,\\&quot;controls\\&quot;:1}\\r\\n\\t\\t\\t\\t} );\\r\\n\\t\\t\\t}\\r\\n\\t\\t&lt;\\\/script&gt;&quot;}\"><div class=\"w-video-h\"><\/div><div class=\"w-video-icon\" style=\"font-size:1.5rem;background:rgba(0,0,0,0.5);color:#fff\"><\/div><\/div><\/div><\/div><\/div><\/div><\/div><\/section>\n","protected":false},"excerpt":{"rendered":"\u00bfQui\u00e9nes somos? Tradilinge, la ropa de cama a la francesa. Tradilinge es mucho m\u00e1s que una marca, es sobre todo una empresa con conocimientos y valores que se transmiten de padres a hijos. Desde 1958, la f\u00e1brica Tradilinge, con sede en Cambrai en Hauts de France, ha creado una identidad, una marca de ropa reconocida...","protected":false},"author":3,"featured_media":642,"parent":0,"menu_order":0,"comment_status":"closed","ping_status":"closed","template":"","meta":{"footnotes":""},"class_list":["post-11409","page","type-page","status-publish","has-post-thumbnail","hentry"],"_links":{"self":[{"href":"https:\/\/tradilinge.com\/es\/wp-json\/wp\/v2\/pages\/11409","targetHints":{"allow":["GET"]}}],"collection":[{"href":"https:\/\/tradilinge.com\/es\/wp-json\/wp\/v2\/pages"}],"about":[{"href":"https:\/\/tradilinge.com\/es\/wp-json\/wp\/v2\/types\/page"}],"author":[{"embeddable":true,"href":"https:\/\/tradilinge.com\/es\/wp-json\/wp\/v2\/users\/3"}],"replies":[{"embeddable":true,"href":"https:\/\/tradilinge.com\/es\/wp-json\/wp\/v2\/comments?post=11409"}],"version-history":[{"count":4,"href":"https:\/\/tradilinge.com\/es\/wp-json\/wp\/v2\/pages\/11409\/revisions"}],"predecessor-version":[{"id":13845,"href":"https:\/\/tradilinge.com\/es\/wp-json\/wp\/v2\/pages\/11409\/revisions\/13845"}],"wp:featuredmedia":[{"embeddable":true,"href":"https:\/\/tradilinge.com\/es\/wp-json\/wp\/v2\/media\/642"}],"wp:attachment":[{"href":"https:\/\/tradilinge.com\/es\/wp-json\/wp\/v2\/media?parent=11409"}],"curies":[{"name":"wp","href":"https:\/\/api.w.org\/{rel}","templated":true}]}}