{"id":11278,"date":"2021-09-02T09:08:53","date_gmt":"2021-09-02T07:08:53","guid":{"rendered":"https:\/\/tradilinge.com\/mentions-legales\/"},"modified":"2021-09-07T10:44:58","modified_gmt":"2021-09-07T08:44:58","slug":"legal-mentions","status":"publish","type":"page","link":"https:\/\/tradilinge.com\/en\/legal-mentions\/","title":{"rendered":"Legal mentions"},"content":{"rendered":"<section class=\"l-section wpb_row us_custom_51d106ff height_medium\"><div class=\"l-section-h i-cf\"><div class=\"g-cols via_flex valign_top type_default\"><div class=\"vc_col-sm-12 wpb_column vc_column_container us_animate_afb has-link\"><div class=\"vc_column-inner\"><div class=\"wpb_wrapper\"><div class=\"wpb_text_column\"><div class=\"wpb_wrapper\"><h1>Legal mentions<\/h1>\n<\/div><\/div><\/div><\/div><a title=\"Linge de lit\" href=\"https:\/\/tradilinge.com\/linge-de-lit\/\" class=\"vc_column-link smooth-scroll\"><\/a><\/div><\/div><\/div><\/section><section class=\"l-section wpb_row height_medium\"><div class=\"l-section-h i-cf\"><div class=\"g-cols via_flex valign_top type_default\"><div class=\"vc_col-sm-12 wpb_column vc_column_container\"><div class=\"vc_column-inner\"><div class=\"wpb_wrapper\"><div class=\"wpb_text_column\"><div class=\"wpb_wrapper\"><h2>\u00c9diteur :<\/h2>\n<p>Le site internet www.tradilinge.com<\/p>\n<p>8 chemin de la Blanchisserie 59400 Cambrai<\/p>\n<p>Le N\u00b0 de SIRET de ce site est 792 863 060 00010<\/p>\n<p>Num\u00e9ro de t\u00e9l\u00e9phone : 03 27 83 91 56<\/p>\n<h2>Directeur de Publication :<\/h2>\n<p>M.Clochette en qualit\u00e9 de fondateur de tradilinge.com<\/p>\n<h2>Conception et r\u00e9alisation :<\/h2>\n<p><a href=\"https:\/\/cojt-ebusiness.com\/creation-de-site-web\" target=\"_blank\" rel=\"noopener\">Cr\u00e9ation de site<\/a>\u00a0et\u00a0<a href=\"https:\/\/cojt-ebusiness.com\/#services\" target=\"_blank\" rel=\"noopener noreferrer\">accompagnement e-marketing<\/a>\u00a0par\u00a0<a href=\"https:\/\/cojt-ebusiness.com\/\" target=\"_blank\" rel=\"noopener\">COJT \u2013 Cabinet conseil web\u00a0<\/a><\/p>\n<h2>H\u00e9bergeur :<\/h2>\n<p>OVH<\/p>\n<p>2, rue Kellermann<\/p>\n<p>59100 <em>Roubaix<\/em>.<\/p>\n<\/div><\/div><\/div><\/div><\/div><\/div><\/div><\/section>\n","protected":false},"excerpt":{"rendered":"Legal mentions \u00c9diteur : Le site internet www.tradilinge.com 8 chemin de la Blanchisserie 59400 Cambrai Le N\u00b0 de SIRET de ce site est 792 863 060 00010 Num\u00e9ro de t\u00e9l\u00e9phone : 03 27 83 91 56 Directeur de Publication : M.Clochette en qualit\u00e9 de fondateur de tradilinge.com Conception et r\u00e9alisation : Cr\u00e9ation de site\u00a0et\u00a0accompagnement e-marketing\u00a0par\u00a0COJT...","protected":false},"author":3,"featured_media":0,"parent":0,"menu_order":0,"comment_status":"closed","ping_status":"open","template":"","meta":{"footnotes":""},"class_list":["post-11278","page","type-page","status-publish","hentry"],"_links":{"self":[{"href":"https:\/\/tradilinge.com\/en\/wp-json\/wp\/v2\/pages\/11278","targetHints":{"allow":["GET"]}}],"collection":[{"href":"https:\/\/tradilinge.com\/en\/wp-json\/wp\/v2\/pages"}],"about":[{"href":"https:\/\/tradilinge.com\/en\/wp-json\/wp\/v2\/types\/page"}],"author":[{"embeddable":true,"href":"https:\/\/tradilinge.com\/en\/wp-json\/wp\/v2\/users\/3"}],"replies":[{"embeddable":true,"href":"https:\/\/tradilinge.com\/en\/wp-json\/wp\/v2\/comments?post=11278"}],"version-history":[{"count":3,"href":"https:\/\/tradilinge.com\/en\/wp-json\/wp\/v2\/pages\/11278\/revisions"}],"predecessor-version":[{"id":11280,"href":"https:\/\/tradilinge.com\/en\/wp-json\/wp\/v2\/pages\/11278\/revisions\/11280"}],"wp:attachment":[{"href":"https:\/\/tradilinge.com\/en\/wp-json\/wp\/v2\/media?parent=11278"}],"curies":[{"name":"wp","href":"https:\/\/api.w.org\/{rel}","templated":true}]}}